{"id":382,"date":"2016-06-13T12:16:39","date_gmt":"2016-06-13T12:16:39","guid":{"rendered":"https:\/\/hospitaljuanpablo.gob.ar\/demo\/?page_id=382"},"modified":"2020-07-01T18:49:44","modified_gmt":"2020-07-01T21:49:44","slug":"casa-de-padres-del-hospital-pediatrico-juan-pablo-ii","status":"publish","type":"page","link":"https:\/\/hospitaljuanpablo.gob.ar\/?page_id=382","title":{"rendered":"Casa de Padres del Hospital Pedi\u00e1trico Juan Pablo  II"},"content":{"rendered":"<p>La instituci\u00f3n Casa de Padres del Hospital Pedi\u00e1trico \u201cJuan Pablo II\u201d tiene como finalidad:<br>\nBrindar alojamiento al ni\u00f1o y su madre que provienen de localidades del interior de la Provincia de corrientes u otras provincias y no poseen medios ni recursos econ\u00f3micos para hospedarse en la ciudad y deben permanecer en la misma con el objeto de realizar alg\u00fan tipo de tratamiento que no requiera internaci\u00f3n hospitalaria, estudios en los distintos servicios para decidir tratamiento cl\u00ednico o quir\u00fargico, cuando deba continuar su tratamiento en forma ambulatoria despues de haber sido dado de alta en internaci\u00f3n, cuando tiene tratamiento oncol\u00f3gico y debe efectuarse quimioterapia o cuando debe realizar tratamiento de hemodi\u00e1lisis 3 veces por semana .<\/p>\n<h3>R\u00e9gimen de Admisi\u00f3n<\/h3>\n<ul>\n<li>Residir en el interior de la Provincia u otras Provincias.El Profesional m\u00e9dico responsable del Ni\u00f1o deber\u00e1 llenar una solicitud de alojamiento.&nbsp; Las autorizaciones para Ni\u00f1os bajo estudios no podr\u00e1n exeder lapsos de tiempo de 72 hs. en caso de ser necesario plazos superiores deber\u00e1n renovar la solicitud de alojamiento.<\/li>\n<li>La Casa de Padres no contempla el alojamiento para familiares y\/o acompa\u00f1antes ocasionales y\/o visitas de Ni\u00f1os internados en el Hospital Pediatrico Juan Pablo II.<\/li>\n<li>En la Instituci\u00f3n se alojan a padre o madre&nbsp;cuyo hijo se encuentre internado en el Sector U.T.I. del Hospital, para facilitar su descanso y aseo personal. Asimismo los Padres de los Ni\u00f1os que se encuentran en el Sector de U.T.I. solamente son recibidos en el Establecimiento para su aseo personal en el horario de 18 a 20 hs.<\/li>\n<li>El horario de ingreso y egreso de las Personas autorizadas a permanecer en la Casa de Padres es de 6:00 a 22:00 hs.&nbsp; sin excepciones; unicamente ser\u00e1n recibidos fuera de este horario aquellos Pacientes que ingresen por urgencias y que presenten la debida Autorizaci\u00f3n m\u00e9dica&nbsp; solicitando alojamiento para el&nbsp; Ni\u00f1o y un acompa\u00f1ante, teniendo el beneficio de comida: ni\u00f1o 4 comidas diarias de acuerdo a la indicaciones del m\u00e9dico tratante y el acompa\u00f1ante el beneficio de 3 comidas diarias (desayuno, almuerzo y cena).<\/li>\n<li>Los ni\u00f1os deber\u00e1n estar siempre acompa\u00f1ados de un adulto responsable de todo los elementos&nbsp; de la casa que ellos utilicen y de mantener la limpieza del Hogar.<\/li>\n<\/ul>\n<h3>Normas de convivencia:<\/h3>\n<p><em><strong>Dentro de la casa no se puede:<\/strong><\/em><\/p>\n<ol>\n<li>Fumar ni ingerir bebidas alcoh\u00f3licas.<\/li>\n<li>Ocasionar esc\u00e1ndalos alborotos y dem\u00e1s ruidos molestos<\/li>\n<li>Producir humo y olores nocivos y\/o&nbsp; molestos<\/li>\n<li>Arrojar latas, envases botellas o culquier otro desecho en los espacios comunes de la casa.<\/li>\n<li>Introducir en la casa elementos que en general impliquen peligro para las personas y los bienes materiales<\/li>\n<li>Transitar por lugares comunes desnudos o semidesnudos<\/li>\n<li>Si algo de ello llegara a ocurrir la persona mayor a cargo del ni\u00f1o ser\u00e1 responsable de da\u00f1os y perjuicios&nbsp; ocasionados.<\/li>\n<\/ol>\n<p>El cumplimiento de estas ordenes es estricto por parte de los encargados del control de la Casa de Padres y deber\u00e1 responder ante las alteraciones de las \u00f3rdenes o reglas.<\/p>\n<p>Actualmente su funcionamiento se encuentra a cargo de la Fundaci\u00f3n Nueva Vida, cuyo responsable es el Pastor Miguel Angel Pujol, desde el 01\/11\/2010.<\/p>\n<p>&nbsp;<\/p>\n\n\n<figure class=\"wp-block-gallery columns-2 is-cropped wp-block-gallery-1 is-layout-flex wp-block-gallery-is-layout-flex\"><ul class=\"blocks-gallery-grid\"><li class=\"blocks-gallery-item\"><figure><img loading=\"lazy\" decoding=\"async\" width=\"1024\" height=\"683\" src=\"http:\/\/hospitaljuanpablo.gob.ar\/demo\/wp-content\/uploads\/2020\/06\/IMG_4436-1024x683.jpg\" alt=\"\" data-id=\"995\" class=\"wp-image-995\" srcset=\"https:\/\/hospitaljuanpablo.gob.ar\/demo\/wp-content\/uploads\/2020\/06\/IMG_4436-1024x683.jpg 1024w, https:\/\/hospitaljuanpablo.gob.ar\/demo\/wp-content\/uploads\/2020\/06\/IMG_4436-300x200.jpg 300w, https:\/\/hospitaljuanpablo.gob.ar\/demo\/wp-content\/uploads\/2020\/06\/IMG_4436-768x512.jpg 768w, https:\/\/hospitaljuanpablo.gob.ar\/demo\/wp-content\/uploads\/2020\/06\/IMG_4436-1536x1024.jpg 1536w, https:\/\/hospitaljuanpablo.gob.ar\/demo\/wp-content\/uploads\/2020\/06\/IMG_4436-2048x1365.jpg 2048w, https:\/\/hospitaljuanpablo.gob.ar\/demo\/wp-content\/uploads\/2020\/06\/IMG_4436-830x553.jpg 830w, https:\/\/hospitaljuanpablo.gob.ar\/demo\/wp-content\/uploads\/2020\/06\/IMG_4436-230x153.jpg 230w, https:\/\/hospitaljuanpablo.gob.ar\/demo\/wp-content\/uploads\/2020\/06\/IMG_4436-350x233.jpg 350w, https:\/\/hospitaljuanpablo.gob.ar\/demo\/wp-content\/uploads\/2020\/06\/IMG_4436-480x320.jpg 480w\" sizes=\"auto, (max-width: 1024px) 100vw, 1024px\" \/><\/figure><\/li><li class=\"blocks-gallery-item\"><figure><img loading=\"lazy\" decoding=\"async\" width=\"1024\" height=\"683\" src=\"http:\/\/hospitaljuanpablo.gob.ar\/demo\/wp-content\/uploads\/2020\/07\/IMG_4440-1024x683.jpg\" alt=\"\" data-id=\"1173\" data-full-url=\"http:\/\/hospitaljuanpablo.gob.ar\/demo\/wp-content\/uploads\/2020\/07\/IMG_4440-scaled.jpg\" data-link=\"https:\/\/hospitaljuanpablo.gob.ar\/demo\/hospital\/casa-de-padres-del-hospital-pediatrico-juan-pablo-ii\/img_4440\/\" class=\"wp-image-1173\" srcset=\"https:\/\/hospitaljuanpablo.gob.ar\/demo\/wp-content\/uploads\/2020\/07\/IMG_4440-1024x683.jpg 1024w, https:\/\/hospitaljuanpablo.gob.ar\/demo\/wp-content\/uploads\/2020\/07\/IMG_4440-300x200.jpg 300w, https:\/\/hospitaljuanpablo.gob.ar\/demo\/wp-content\/uploads\/2020\/07\/IMG_4440-768x512.jpg 768w, https:\/\/hospitaljuanpablo.gob.ar\/demo\/wp-content\/uploads\/2020\/07\/IMG_4440-1536x1024.jpg 1536w, https:\/\/hospitaljuanpablo.gob.ar\/demo\/wp-content\/uploads\/2020\/07\/IMG_4440-2048x1365.jpg 2048w, https:\/\/hospitaljuanpablo.gob.ar\/demo\/wp-content\/uploads\/2020\/07\/IMG_4440-830x553.jpg 830w, https:\/\/hospitaljuanpablo.gob.ar\/demo\/wp-content\/uploads\/2020\/07\/IMG_4440-230x153.jpg 230w, https:\/\/hospitaljuanpablo.gob.ar\/demo\/wp-content\/uploads\/2020\/07\/IMG_4440-350x233.jpg 350w, https:\/\/hospitaljuanpablo.gob.ar\/demo\/wp-content\/uploads\/2020\/07\/IMG_4440-480x320.jpg 480w\" sizes=\"auto, (max-width: 1024px) 100vw, 1024px\" \/><\/figure><\/li><li class=\"blocks-gallery-item\"><figure><img loading=\"lazy\" decoding=\"async\" width=\"1024\" height=\"683\" src=\"http:\/\/hospitaljuanpablo.gob.ar\/demo\/wp-content\/uploads\/2020\/07\/IMG_0756-1024x683.jpg\" alt=\"\" data-id=\"1170\" data-full-url=\"http:\/\/hospitaljuanpablo.gob.ar\/demo\/wp-content\/uploads\/2020\/07\/IMG_0756-scaled.jpg\" data-link=\"https:\/\/hospitaljuanpablo.gob.ar\/demo\/hospital\/casa-de-padres-del-hospital-pediatrico-juan-pablo-ii\/img_0756\/\" class=\"wp-image-1170\" srcset=\"https:\/\/hospitaljuanpablo.gob.ar\/demo\/wp-content\/uploads\/2020\/07\/IMG_0756-1024x683.jpg 1024w, https:\/\/hospitaljuanpablo.gob.ar\/demo\/wp-content\/uploads\/2020\/07\/IMG_0756-300x200.jpg 300w, https:\/\/hospitaljuanpablo.gob.ar\/demo\/wp-content\/uploads\/2020\/07\/IMG_0756-768x512.jpg 768w, https:\/\/hospitaljuanpablo.gob.ar\/demo\/wp-content\/uploads\/2020\/07\/IMG_0756-1536x1024.jpg 1536w, https:\/\/hospitaljuanpablo.gob.ar\/demo\/wp-content\/uploads\/2020\/07\/IMG_0756-2048x1365.jpg 2048w, https:\/\/hospitaljuanpablo.gob.ar\/demo\/wp-content\/uploads\/2020\/07\/IMG_0756-830x553.jpg 830w, https:\/\/hospitaljuanpablo.gob.ar\/demo\/wp-content\/uploads\/2020\/07\/IMG_0756-230x153.jpg 230w, https:\/\/hospitaljuanpablo.gob.ar\/demo\/wp-content\/uploads\/2020\/07\/IMG_0756-350x233.jpg 350w, https:\/\/hospitaljuanpablo.gob.ar\/demo\/wp-content\/uploads\/2020\/07\/IMG_0756-480x320.jpg 480w\" sizes=\"auto, (max-width: 1024px) 100vw, 1024px\" \/><\/figure><\/li><li class=\"blocks-gallery-item\"><figure><img loading=\"lazy\" decoding=\"async\" width=\"1024\" height=\"683\" src=\"http:\/\/hospitaljuanpablo.gob.ar\/demo\/wp-content\/uploads\/2020\/07\/IMG_0757-1024x683.jpg\" alt=\"\" data-id=\"1171\" data-full-url=\"http:\/\/hospitaljuanpablo.gob.ar\/demo\/wp-content\/uploads\/2020\/07\/IMG_0757-scaled.jpg\" data-link=\"https:\/\/hospitaljuanpablo.gob.ar\/demo\/hospital\/casa-de-padres-del-hospital-pediatrico-juan-pablo-ii\/img_0757\/\" class=\"wp-image-1171\" srcset=\"https:\/\/hospitaljuanpablo.gob.ar\/demo\/wp-content\/uploads\/2020\/07\/IMG_0757-1024x683.jpg 1024w, https:\/\/hospitaljuanpablo.gob.ar\/demo\/wp-content\/uploads\/2020\/07\/IMG_0757-300x200.jpg 300w, https:\/\/hospitaljuanpablo.gob.ar\/demo\/wp-content\/uploads\/2020\/07\/IMG_0757-768x512.jpg 768w, https:\/\/hospitaljuanpablo.gob.ar\/demo\/wp-content\/uploads\/2020\/07\/IMG_0757-1536x1024.jpg 1536w, https:\/\/hospitaljuanpablo.gob.ar\/demo\/wp-content\/uploads\/2020\/07\/IMG_0757-2048x1365.jpg 2048w, https:\/\/hospitaljuanpablo.gob.ar\/demo\/wp-content\/uploads\/2020\/07\/IMG_0757-830x553.jpg 830w, https:\/\/hospitaljuanpablo.gob.ar\/demo\/wp-content\/uploads\/2020\/07\/IMG_0757-230x153.jpg 230w, https:\/\/hospitaljuanpablo.gob.ar\/demo\/wp-content\/uploads\/2020\/07\/IMG_0757-350x233.jpg 350w, https:\/\/hospitaljuanpablo.gob.ar\/demo\/wp-content\/uploads\/2020\/07\/IMG_0757-480x320.jpg 480w\" sizes=\"auto, (max-width: 1024px) 100vw, 1024px\" \/><\/figure><\/li><\/ul><\/figure>\n","protected":false},"excerpt":{"rendered":"<p>La instituci\u00f3n Casa de Padres del Hospital Pedi\u00e1trico \u201cJuan Pablo II\u201d tiene como finalidad: Brindar alojamiento al ni\u00f1o y su madre que provienen de localidades del interior de la Provincia de corrientes u otras provincias y no poseen medios ni recursos econ\u00f3micos para hospedarse en la ciudad y deben permanecer en la misma con el [&hellip;]<\/p>\n","protected":false},"author":9,"featured_media":995,"parent":0,"menu_order":4,"comment_status":"closed","ping_status":"closed","template":"template-hospital.php","meta":{"_uag_custom_page_level_css":"","footnotes":""},"class_list":["post-382","page","type-page","status-publish","has-post-thumbnail","hentry"],"uagb_featured_image_src":{"full":["https:\/\/hospitaljuanpablo.gob.ar\/demo\/wp-content\/uploads\/2020\/06\/IMG_4436-scaled.jpg",2560,1707,false],"thumbnail":["https:\/\/hospitaljuanpablo.gob.ar\/demo\/wp-content\/uploads\/2020\/06\/IMG_4436-150x150.jpg",150,150,true],"medium":["https:\/\/hospitaljuanpablo.gob.ar\/demo\/wp-content\/uploads\/2020\/06\/IMG_4436-300x200.jpg",300,200,true],"medium_large":["https:\/\/hospitaljuanpablo.gob.ar\/demo\/wp-content\/uploads\/2020\/06\/IMG_4436-768x512.jpg",768,512,true],"large":["https:\/\/hospitaljuanpablo.gob.ar\/demo\/wp-content\/uploads\/2020\/06\/IMG_4436-1024x683.jpg",1024,683,true],"1536x1536":["https:\/\/hospitaljuanpablo.gob.ar\/demo\/wp-content\/uploads\/2020\/06\/IMG_4436-1536x1024.jpg",1536,1024,true],"2048x2048":["https:\/\/hospitaljuanpablo.gob.ar\/demo\/wp-content\/uploads\/2020\/06\/IMG_4436-2048x1365.jpg",2048,1365,true]},"uagb_author_info":{"display_name":"Gonzalo Romero","author_link":"https:\/\/hospitaljuanpablo.gob.ar\/?author=9"},"uagb_comment_info":0,"uagb_excerpt":"La instituci\u00f3n Casa de Padres del Hospital Pedi\u00e1trico \u201cJuan Pablo II\u201d tiene como finalidad: Brindar alojamiento al ni\u00f1o y su madre que provienen de localidades del interior de la Provincia de corrientes u otras provincias y no poseen medios ni recursos econ\u00f3micos para hospedarse en la ciudad y deben permanecer en la misma con el&hellip;","_links":{"self":[{"href":"https:\/\/hospitaljuanpablo.gob.ar\/index.php?rest_route=\/wp\/v2\/pages\/382","targetHints":{"allow":["GET"]}}],"collection":[{"href":"https:\/\/hospitaljuanpablo.gob.ar\/index.php?rest_route=\/wp\/v2\/pages"}],"about":[{"href":"https:\/\/hospitaljuanpablo.gob.ar\/index.php?rest_route=\/wp\/v2\/types\/page"}],"author":[{"embeddable":true,"href":"https:\/\/hospitaljuanpablo.gob.ar\/index.php?rest_route=\/wp\/v2\/users\/9"}],"replies":[{"embeddable":true,"href":"https:\/\/hospitaljuanpablo.gob.ar\/index.php?rest_route=%2Fwp%2Fv2%2Fcomments&post=382"}],"version-history":[{"count":0,"href":"https:\/\/hospitaljuanpablo.gob.ar\/index.php?rest_route=\/wp\/v2\/pages\/382\/revisions"}],"wp:featuredmedia":[{"embeddable":true,"href":"https:\/\/hospitaljuanpablo.gob.ar\/index.php?rest_route=\/wp\/v2\/media\/995"}],"wp:attachment":[{"href":"https:\/\/hospitaljuanpablo.gob.ar\/index.php?rest_route=%2Fwp%2Fv2%2Fmedia&parent=382"}],"curies":[{"name":"wp","href":"https:\/\/api.w.org\/{rel}","templated":true}]}}